{"id":167,"date":"2011-02-26T12:40:40","date_gmt":"2011-02-26T11:40:40","guid":{"rendered":"http:\/\/ttc-wohlbach.de\/?page_id=167"},"modified":"2017-01-16T21:33:36","modified_gmt":"2017-01-16T19:33:36","slug":"impressum","status":"publish","type":"page","link":"https:\/\/ttc-wohlbach.de\/?page_id=167","title":{"rendered":"Impressum"},"content":{"rendered":"<p>1. Vorsitzender<br \/>\nHubert Becker<br \/>\nSchafhoferstr. 7<br \/>\n96482 Ahorn-Wohlbach<\/p>\n<p>Verantwortlich f\u00fcr den Inhalt der Seiten:<br \/>\nHubert Becker<br \/>\n<span style=\"color: #3366ff;\">webmaster(at)ttc-wohlbach.de<\/span><\/p>\n<p>Links zu anderen Seiten:<br \/>\nMit Urteil vom 12.Mai 1998 hat das Landgericht Hamburg entschieden, da\u00df man durch die Ausbringung eines Links die Inhalte der gelinkten Seite gegebenenfalls mit zu verantworten hat. Dies kann, so das Landgericht, nur verhindert werden, indem man sich ausdr\u00fccklich von diesen Inhalten distanziert. Wir haben auf unserer Page Links zu anderen Seiten im Internet gelegt. F\u00fcr alle diese Links gilt: Wir m\u00f6chten ausdr\u00fccklich betonen, da\u00df wir keinerlei Einfluss auf die Gestalltung und die Inhalte der gelinkten Seiten haben. Deswegen distanzieren wir uns hiermit ausdr\u00fccklich von den Inhalten aller gelinkten Seiten auf unserer Homepage. Diese Erkl\u00e4rung gilt f\u00fcr alle auf unserer Homepage ausgebrachten Links und f\u00fcr alle Inhalte der Seiten, zu denen die Banner f\u00fchren.<\/p>\n","protected":false},"excerpt":{"rendered":"<p>1. Vorsitzender Hubert Becker Schafhoferstr. 7 96482 Ahorn-Wohlbach Verantwortlich f\u00fcr den Inhalt der Seiten: Hubert Becker webmaster(at)ttc-wohlbach.de Links zu anderen Seiten: Mit Urteil vom 12.Mai 1998 hat das Landgericht Hamburg entschieden, da\u00df man durch die Ausbringung eines Links die Inhalte &hellip; <a href=\"https:\/\/ttc-wohlbach.de\/?page_id=167\">Weiterlesen <span class=\"meta-nav\">&rarr;<\/span><\/a><\/p>\n","protected":false},"author":1,"featured_media":0,"parent":0,"menu_order":4,"comment_status":"closed","ping_status":"closed","template":"onecolumn-page.php","meta":{"_mc_calendar":[],"footnotes":""},"class_list":["post-167","page","type-page","status-publish","hentry"],"_links":{"self":[{"href":"https:\/\/ttc-wohlbach.de\/index.php?rest_route=\/wp\/v2\/pages\/167","targetHints":{"allow":["GET"]}}],"collection":[{"href":"https:\/\/ttc-wohlbach.de\/index.php?rest_route=\/wp\/v2\/pages"}],"about":[{"href":"https:\/\/ttc-wohlbach.de\/index.php?rest_route=\/wp\/v2\/types\/page"}],"author":[{"embeddable":true,"href":"https:\/\/ttc-wohlbach.de\/index.php?rest_route=\/wp\/v2\/users\/1"}],"replies":[{"embeddable":true,"href":"https:\/\/ttc-wohlbach.de\/index.php?rest_route=%2Fwp%2Fv2%2Fcomments&post=167"}],"version-history":[{"count":10,"href":"https:\/\/ttc-wohlbach.de\/index.php?rest_route=\/wp\/v2\/pages\/167\/revisions"}],"predecessor-version":[{"id":1865,"href":"https:\/\/ttc-wohlbach.de\/index.php?rest_route=\/wp\/v2\/pages\/167\/revisions\/1865"}],"wp:attachment":[{"href":"https:\/\/ttc-wohlbach.de\/index.php?rest_route=%2Fwp%2Fv2%2Fmedia&parent=167"}],"curies":[{"name":"wp","href":"https:\/\/api.w.org\/{rel}","templated":true}]}}