{"id":4838,"date":"2020-08-07T10:41:23","date_gmt":"2020-08-07T09:41:23","guid":{"rendered":"http:\/\/ttc-wohlbach.de\/?page_id=4838"},"modified":"2021-01-11T12:58:25","modified_gmt":"2021-01-11T11:58:25","slug":"sponsoren","status":"publish","type":"page","link":"https:\/\/ttc-wohlbach.de\/?page_id=4838","title":{"rendered":"Sponsoren"},"content":{"rendered":"<h3><strong>Auf dieser Seite finden Sie alle Firmen, die unseren Verein unterst\u00fctzen. Hierf\u00fcr bedanken wir uns auf das Herzlichste!<\/strong><\/h3>\n<p><a href=\"http:\/\/ttc-wohlbach.de\/wp-content\/uploads\/2020\/08\/schoder.png\"><img loading=\"lazy\" decoding=\"async\" class=\"alignleft size-medium wp-image-4860\" src=\"http:\/\/ttc-wohlbach.de\/wp-content\/uploads\/2020\/08\/schoder.png\" alt=\"\" width=\"185\" height=\"155\" \/><\/a><\/p>\n<p>&nbsp;<\/p>\n<h3>B\u00e4ckerei Schoder<\/h3>\n<p>&nbsp;<\/p>\n<p><a href=\"http:\/\/ttc-wohlbach.de\/wp-content\/uploads\/2020\/08\/ttc_web_small2.jpg\"><img loading=\"lazy\" decoding=\"async\" class=\"alignleft size-medium wp-image-4863\" src=\"http:\/\/ttc-wohlbach.de\/wp-content\/uploads\/2020\/08\/ttc_web_small2.jpg\" alt=\"\" width=\"185\" height=\"274\" \/><\/a><\/p>\n<p>&nbsp;<\/p>\n<h3>BID Inkassodienst<\/h3>\n<p>&nbsp;<\/p>\n<p><a href=\"http:\/\/ttc-wohlbach.de\/wp-content\/uploads\/2020\/08\/orthohaas.png\"><img loading=\"lazy\" decoding=\"async\" class=\"alignleft size-medium wp-image-4856\" src=\"http:\/\/ttc-wohlbach.de\/wp-content\/uploads\/2020\/08\/orthohaas.png\" alt=\"\" width=\"185\" height=\"132\" \/><\/a><\/p>\n<p>&nbsp;<\/p>\n<h3>Orthop\u00e4dietechnik HAAS<\/h3>\n<p>&nbsp;<\/p>\n<p><a href=\"http:\/\/ttc-wohlbach.de\/wp-content\/uploads\/2020\/08\/brueckner1.png\"><img loading=\"lazy\" decoding=\"async\" class=\"alignleft size-full wp-image-4852\" src=\"http:\/\/ttc-wohlbach.de\/wp-content\/uploads\/2020\/08\/brueckner1.png\" alt=\"\" width=\"185\" height=\"131\" \/><\/a><\/p>\n<p>&nbsp;<\/p>\n<h3>Heinz Br\u00fcckner<\/h3>\n<p>&nbsp;<\/p>\n<p><a href=\"http:\/\/ttc-wohlbach.de\/wp-content\/uploads\/2020\/08\/blumhagen1.png\"><img loading=\"lazy\" decoding=\"async\" class=\"alignleft size-full wp-image-4851\" src=\"http:\/\/ttc-wohlbach.de\/wp-content\/uploads\/2020\/08\/blumhagen1.png\" alt=\"\" width=\"185\" height=\"132\" \/><\/a><\/p>\n<p>&nbsp;<\/p>\n<h3>Sportartikel Blumhagen<\/h3>\n<p>&nbsp;<\/p>\n<p><a href=\"http:\/\/ttc-wohlbach.de\/wp-content\/uploads\/2020\/08\/fischer1.png\"><img loading=\"lazy\" decoding=\"async\" class=\"alignleft size-medium wp-image-4853\" src=\"http:\/\/ttc-wohlbach.de\/wp-content\/uploads\/2020\/08\/fischer1.png\" alt=\"\" width=\"185\" height=\"89\" \/><\/a><\/p>\n<p>&nbsp;<\/p>\n<h3>Fischer Reisen<\/h3>\n<p>&nbsp;<\/p>\n<p><a href=\"http:\/\/ttc-wohlbach.de\/wp-content\/uploads\/2020\/08\/herr2.png\"><img loading=\"lazy\" decoding=\"async\" class=\"alignleft size-medium wp-image-4855\" src=\"http:\/\/ttc-wohlbach.de\/wp-content\/uploads\/2020\/08\/herr2.png\" alt=\"\" width=\"185\" height=\"127\" \/><\/a><\/p>\n<p>&nbsp;<\/p>\n<h3>Fenster &amp; T\u00fcren Herr<\/h3>\n<p>&nbsp;<\/p>\n<p><a href=\"http:\/\/ttc-wohlbach.de\/wp-content\/uploads\/2020\/08\/future_spin.png\"><img loading=\"lazy\" decoding=\"async\" class=\"alignleft size-medium wp-image-4854\" src=\"http:\/\/ttc-wohlbach.de\/wp-content\/uploads\/2020\/08\/future_spin.png\" alt=\"\" width=\"185\" height=\"111\" \/><\/a><\/p>\n<h3>Futurespin<\/h3>\n<p>&nbsp;<\/p>\n<p><a href=\"http:\/\/ttc-wohlbach.de\/wp-content\/uploads\/2020\/08\/pysiotec.png\"><img loading=\"lazy\" decoding=\"async\" class=\"alignleft size-medium wp-image-4859\" src=\"http:\/\/ttc-wohlbach.de\/wp-content\/uploads\/2020\/08\/pysiotec.png\" alt=\"\" width=\"185\" height=\"263\" \/><\/a><\/p>\n<p>&nbsp;<\/p>\n<h3>PHYSIOTEC<\/h3>\n<p>&nbsp;<\/p>\n<p><a href=\"http:\/\/ttc-wohlbach.de\/wp-content\/uploads\/2020\/08\/puels2.png\"><img loading=\"lazy\" decoding=\"async\" class=\"alignleft size-medium wp-image-4858\" src=\"http:\/\/ttc-wohlbach.de\/wp-content\/uploads\/2020\/08\/puels2.png\" alt=\"\" width=\"185\" height=\"142\" \/><\/a><\/p>\n<p>&nbsp;<\/p>\n<h3>P\u00fcls-Br\u00e4u<\/h3>\n<p>&nbsp;<\/p>\n<p><a href=\"http:\/\/ttc-wohlbach.de\/wp-content\/uploads\/2020\/08\/schreiner_coburg-1.png\"><img loading=\"lazy\" decoding=\"async\" class=\"alignleft size-medium wp-image-4861\" src=\"http:\/\/ttc-wohlbach.de\/wp-content\/uploads\/2020\/08\/schreiner_coburg-1.png\" alt=\"\" width=\"185\" height=\"63\" \/><\/a><\/p>\n<p>&nbsp;<\/p>\n<h3>Werbetechnik Schreiner<\/h3>\n<p>&nbsp;<\/p>\n<p><a href=\"http:\/\/ttc-wohlbach.de\/wp-content\/uploads\/2020\/08\/staffel.gif\"><img loading=\"lazy\" decoding=\"async\" class=\"alignleft size-medium wp-image-4862\" src=\"http:\/\/ttc-wohlbach.de\/wp-content\/uploads\/2020\/08\/staffel.gif\" alt=\"\" width=\"185\" height=\"74\" \/><\/a><\/p>\n<p>&nbsp;<\/p>\n<h3>Autohaus Staffel<\/h3>\n<p>&nbsp;<\/p>\n<p><a href=\"http:\/\/ttc-wohlbach.de\/wp-content\/uploads\/2020\/08\/wendler.png\"><img loading=\"lazy\" decoding=\"async\" class=\"alignleft size-medium wp-image-4865\" src=\"http:\/\/ttc-wohlbach.de\/wp-content\/uploads\/2020\/08\/wendler.png\" alt=\"\" width=\"185\" height=\"136\" \/><\/a><\/p>\n<p>&nbsp;<\/p>\n<h3>M\u00f6bel Wendler<\/h3>\n<p>&nbsp;<\/p>\n<p><a href=\"http:\/\/ttc-wohlbach.de\/wp-content\/uploads\/2020\/08\/ttc-wohlbach-40-x-30.png\"><img loading=\"lazy\" decoding=\"async\" class=\"alignleft size-medium wp-image-4864\" src=\"http:\/\/ttc-wohlbach.de\/wp-content\/uploads\/2020\/08\/ttc-wohlbach-40-x-30.png\" alt=\"\" width=\"185\" height=\"139\" \/><\/a><\/p>\n<p>&nbsp;<\/p>\n<h3>Sparkasse Coburg-Lichtenfels<\/h3>\n<p>&nbsp;<\/p>\n","protected":false},"excerpt":{"rendered":"<p>Auf dieser Seite finden Sie alle Firmen, die unseren Verein unterst\u00fctzen. Hierf\u00fcr bedanken wir uns auf das Herzlichste! &nbsp; B\u00e4ckerei Schoder &nbsp; &nbsp; BID Inkassodienst &nbsp; &nbsp; Orthop\u00e4dietechnik HAAS &nbsp; &nbsp; Heinz Br\u00fcckner &nbsp; &nbsp; Sportartikel Blumhagen &nbsp; &nbsp; Fischer &hellip; <a href=\"https:\/\/ttc-wohlbach.de\/?page_id=4838\">Weiterlesen <span class=\"meta-nav\">&rarr;<\/span><\/a><\/p>\n","protected":false},"author":1,"featured_media":0,"parent":0,"menu_order":1,"comment_status":"closed","ping_status":"closed","template":"onecolumn-page.php","meta":{"_mc_calendar":[],"footnotes":""},"class_list":["post-4838","page","type-page","status-publish","hentry"],"_links":{"self":[{"href":"https:\/\/ttc-wohlbach.de\/index.php?rest_route=\/wp\/v2\/pages\/4838","targetHints":{"allow":["GET"]}}],"collection":[{"href":"https:\/\/ttc-wohlbach.de\/index.php?rest_route=\/wp\/v2\/pages"}],"about":[{"href":"https:\/\/ttc-wohlbach.de\/index.php?rest_route=\/wp\/v2\/types\/page"}],"author":[{"embeddable":true,"href":"https:\/\/ttc-wohlbach.de\/index.php?rest_route=\/wp\/v2\/users\/1"}],"replies":[{"embeddable":true,"href":"https:\/\/ttc-wohlbach.de\/index.php?rest_route=%2Fwp%2Fv2%2Fcomments&post=4838"}],"version-history":[{"count":14,"href":"https:\/\/ttc-wohlbach.de\/index.php?rest_route=\/wp\/v2\/pages\/4838\/revisions"}],"predecessor-version":[{"id":4878,"href":"https:\/\/ttc-wohlbach.de\/index.php?rest_route=\/wp\/v2\/pages\/4838\/revisions\/4878"}],"wp:attachment":[{"href":"https:\/\/ttc-wohlbach.de\/index.php?rest_route=%2Fwp%2Fv2%2Fmedia&parent=4838"}],"curies":[{"name":"wp","href":"https:\/\/api.w.org\/{rel}","templated":true}]}}